{"id":129,"date":"2019-04-17T06:19:02","date_gmt":"2019-04-17T06:19:02","guid":{"rendered":"https:\/\/demo.afthemes.com\/newsphere-pro\/?page_id=129"},"modified":"2024-03-27T15:21:38","modified_gmt":"2024-03-27T15:21:38","slug":"contact","status":"publish","type":"page","link":"https:\/\/immobilierivoirien.com\/index.php\/contact\/","title":{"rendered":"Contact"},"content":{"rendered":"<div class=\"wpforms-container wpforms-container-full wpforms-block wpforms-block-059c952c-f9f0-4554-93f2-783335b1427e wpforms-render-modern\" id=\"wpforms-1304\"><form id=\"wpforms-form-1304\" class=\"wpforms-validate wpforms-form wpforms-ajax-form\" data-formid=\"1304\" method=\"post\" enctype=\"multipart\/form-data\" action=\"\/index.php\/wp-json\/wp\/v2\/pages\/129\" data-token=\"05f686d5f512f945cb9fe178bc20da7d\" data-token-time=\"1777499409\"><noscript class=\"wpforms-error-noscript\">Veuillez activer JavaScript dans votre navigateur pour remplir ce formulaire.<\/noscript><div id=\"wpforms-error-noscript\" style=\"display: none;\">Veuillez activer JavaScript dans votre navigateur pour remplir ce formulaire.<\/div><div class=\"wpforms-field-container\"><div id=\"wpforms-1304-field_0-container\" class=\"wpforms-field wpforms-field-name\" data-field-id=\"0\"><label class=\"wpforms-field-label\" for=\"wpforms-1304-field_0\">Nom <span class=\"wpforms-required-label\" aria-hidden=\"true\">*<\/span><\/label><input type=\"text\" id=\"wpforms-1304-field_0\" class=\"wpforms-field-medium wpforms-field-required\" name=\"wpforms[fields][0]\" aria-errormessage=\"wpforms-1304-field_0-error\" required><\/div><div id=\"wpforms-1304-field_1-container\" class=\"wpforms-field wpforms-field-email\" data-field-id=\"1\"><label class=\"wpforms-field-label\" for=\"wpforms-1304-field_1\">E-mail <span class=\"wpforms-required-label\" aria-hidden=\"true\">*<\/span><\/label><input type=\"email\" id=\"wpforms-1304-field_1\" class=\"wpforms-field-medium wpforms-field-required\" name=\"wpforms[fields][1]\" spellcheck=\"false\" aria-errormessage=\"wpforms-1304-field_1-error\" required><\/div><div id=\"wpforms-1304-field_2-container\" class=\"wpforms-field wpforms-field-textarea\" data-field-id=\"2\"><label class=\"wpforms-field-label\" for=\"wpforms-1304-field_2\">Votre message <span class=\"wpforms-required-label\" aria-hidden=\"true\">*<\/span><\/label><textarea id=\"wpforms-1304-field_2\" class=\"wpforms-field-medium wpforms-field-required\" name=\"wpforms[fields][2]\" aria-errormessage=\"wpforms-1304-field_2-error\" required><\/textarea><\/div><\/div><!-- .wpforms-field-container --><div class=\"wpforms-submit-container\" ><input type=\"hidden\" name=\"wpforms[id]\" value=\"1304\"><input type=\"hidden\" name=\"page_title\" value=\"\"><input type=\"hidden\" name=\"page_url\" value=\"https:\/\/immobilierivoirien.com\/index.php\/wp-json\/wp\/v2\/pages\/129\"><input type=\"hidden\" name=\"url_referer\" value=\"\"><button type=\"submit\" name=\"wpforms[submit]\" id=\"wpforms-submit-1304\" class=\"wpforms-submit\" data-alt-text=\"Envoi...\" data-submit-text=\"Envoyer\" aria-live=\"assertive\" value=\"wpforms-submit\">Envoyer<\/button><img loading=\"lazy\" decoding=\"async\" src=\"https:\/\/immobilierivoirien.com\/wp-content\/plugins\/wpforms-lite\/assets\/images\/submit-spin.svg\" class=\"wpforms-submit-spinner\" style=\"display: none;\" width=\"26\" height=\"26\" alt=\"Chargement en cours\"><\/div><\/form><\/div>  <!-- .wpforms-container -->","protected":false},"excerpt":{"rendered":"","protected":false},"author":1,"featured_media":1323,"parent":0,"menu_order":0,"comment_status":"closed","ping_status":"closed","template":"","meta":{"footnotes":""},"class_list":["post-129","page","type-page","status-publish","has-post-thumbnail","hentry"],"yoast_head":"<!-- This site is optimized with the Yoast SEO plugin v27.1.1 - https:\/\/yoast.com\/product\/yoast-seo-wordpress\/ -->\n<title>Contact - Immobilier Ivoirien<\/title>\n<meta name=\"description\" content=\"Contact : ARTICLES R\u00c9CENTSPOURQUOI INVESTIR DANS L\u2019IMMOBILIER EN COTE D\u2019IVOIRE ?QUE REPR\u00c9SENTE LA ZONE D\u2019AM\u00c9NAGEMENT DIFF\u00c9R\u00c9....\" \/>\n<meta name=\"robots\" content=\"index, follow, max-snippet:-1, max-image-preview:large, max-video-preview:-1\" \/>\n<link rel=\"canonical\" href=\"https:\/\/immobilierivoirien.com\/index.php\/contact\/\" \/>\n<meta property=\"og:locale\" content=\"fr_FR\" \/>\n<meta property=\"og:type\" content=\"article\" \/>\n<meta property=\"og:title\" content=\"Contact - Immobilier Ivoirien\" \/>\n<meta property=\"og:description\" content=\"Contact : ARTICLES R\u00c9CENTSPOURQUOI INVESTIR DANS L\u2019IMMOBILIER EN COTE D\u2019IVOIRE ?QUE REPR\u00c9SENTE LA ZONE D\u2019AM\u00c9NAGEMENT DIFF\u00c9R\u00c9....\" \/>\n<meta property=\"og:url\" content=\"https:\/\/immobilierivoirien.com\/index.php\/contact\/\" \/>\n<meta property=\"og:site_name\" content=\"Immobilier Ivoirien\" \/>\n<meta property=\"article:modified_time\" content=\"2024-03-27T15:21:38+00:00\" \/>\n<meta property=\"og:image\" content=\"https:\/\/immobilierivoirien.com\/wp-content\/uploads\/2022\/01\/conpul.jpg\" \/>\n\t<meta property=\"og:image:width\" content=\"1024\" \/>\n\t<meta property=\"og:image:height\" content=\"683\" \/>\n\t<meta property=\"og:image:type\" content=\"image\/jpeg\" \/>\n<meta name=\"twitter:card\" content=\"summary_large_image\" \/>\n<meta name=\"twitter:label1\" content=\"Dur\u00e9e de lecture estim\u00e9e\" \/>\n\t<meta name=\"twitter:data1\" content=\"1 minute\" \/>\n<script type=\"application\/ld+json\" class=\"yoast-schema-graph\">{\"@context\":\"https:\/\/schema.org\",\"@graph\":[{\"@type\":\"WebPage\",\"@id\":\"https:\/\/immobilierivoirien.com\/index.php\/contact\/\",\"url\":\"https:\/\/immobilierivoirien.com\/index.php\/contact\/\",\"name\":\"Contact - Immobilier Ivoirien\",\"isPartOf\":{\"@id\":\"https:\/\/immobilierivoirien.com\/#website\"},\"primaryImageOfPage\":{\"@id\":\"https:\/\/immobilierivoirien.com\/index.php\/contact\/#primaryimage\"},\"image\":{\"@id\":\"https:\/\/immobilierivoirien.com\/index.php\/contact\/#primaryimage\"},\"thumbnailUrl\":\"https:\/\/immobilierivoirien.com\/wp-content\/uploads\/2022\/01\/conpul.jpg\",\"datePublished\":\"2019-04-17T06:19:02+00:00\",\"dateModified\":\"2024-03-27T15:21:38+00:00\",\"description\":\"Contact : ARTICLES R\u00c9CENTSPOURQUOI INVESTIR DANS L\u2019IMMOBILIER EN COTE D\u2019IVOIRE ?QUE REPR\u00c9SENTE LA ZONE D\u2019AM\u00c9NAGEMENT DIFF\u00c9R\u00c9....\",\"breadcrumb\":{\"@id\":\"https:\/\/immobilierivoirien.com\/index.php\/contact\/#breadcrumb\"},\"inLanguage\":\"fr-FR\",\"potentialAction\":[{\"@type\":\"ReadAction\",\"target\":[\"https:\/\/immobilierivoirien.com\/index.php\/contact\/\"]}]},{\"@type\":\"ImageObject\",\"inLanguage\":\"fr-FR\",\"@id\":\"https:\/\/immobilierivoirien.com\/index.php\/contact\/#primaryimage\",\"url\":\"https:\/\/immobilierivoirien.com\/wp-content\/uploads\/2022\/01\/conpul.jpg\",\"contentUrl\":\"https:\/\/immobilierivoirien.com\/wp-content\/uploads\/2022\/01\/conpul.jpg\",\"width\":1024,\"height\":683,\"caption\":\"Le compulsoire CI contact\"},{\"@type\":\"BreadcrumbList\",\"@id\":\"https:\/\/immobilierivoirien.com\/index.php\/contact\/#breadcrumb\",\"itemListElement\":[{\"@type\":\"ListItem\",\"position\":1,\"name\":\"Accueil\",\"item\":\"https:\/\/immobilierivoirien.com\/\"},{\"@type\":\"ListItem\",\"position\":2,\"name\":\"Contact\"}]},{\"@type\":\"WebSite\",\"@id\":\"https:\/\/immobilierivoirien.com\/#website\",\"url\":\"https:\/\/immobilierivoirien.com\/\",\"name\":\"Immobilier Ivoirien\",\"description\":\"Tout sur l&#039;immobilier en C\u00f4te d&#039;Ivoire\",\"publisher\":{\"@id\":\"https:\/\/immobilierivoirien.com\/#organization\"},\"potentialAction\":[{\"@type\":\"SearchAction\",\"target\":{\"@type\":\"EntryPoint\",\"urlTemplate\":\"https:\/\/immobilierivoirien.com\/?s={search_term_string}\"},\"query-input\":{\"@type\":\"PropertyValueSpecification\",\"valueRequired\":true,\"valueName\":\"search_term_string\"}}],\"inLanguage\":\"fr-FR\"},{\"@type\":\"Organization\",\"@id\":\"https:\/\/immobilierivoirien.com\/#organization\",\"name\":\"Immobilier Ivoirien\",\"url\":\"https:\/\/immobilierivoirien.com\/\",\"logo\":{\"@type\":\"ImageObject\",\"inLanguage\":\"fr-FR\",\"@id\":\"https:\/\/immobilierivoirien.com\/#\/schema\/logo\/image\/\",\"url\":\"https:\/\/immobilierivoirien.com\/wp-content\/uploads\/2023\/07\/cropped-cropped-ARR1.png\",\"contentUrl\":\"https:\/\/immobilierivoirien.com\/wp-content\/uploads\/2023\/07\/cropped-cropped-ARR1.png\",\"width\":512,\"height\":512,\"caption\":\"Immobilier Ivoirien\"},\"image\":{\"@id\":\"https:\/\/immobilierivoirien.com\/#\/schema\/logo\/image\/\"}}]}<\/script>\n<!-- \/ Yoast SEO plugin. -->","yoast_head_json":{"title":"Contact - Immobilier Ivoirien","description":"Contact : ARTICLES R\u00c9CENTSPOURQUOI INVESTIR DANS L\u2019IMMOBILIER EN COTE D\u2019IVOIRE ?QUE REPR\u00c9SENTE LA ZONE D\u2019AM\u00c9NAGEMENT DIFF\u00c9R\u00c9....","robots":{"index":"index","follow":"follow","max-snippet":"max-snippet:-1","max-image-preview":"max-image-preview:large","max-video-preview":"max-video-preview:-1"},"canonical":"https:\/\/immobilierivoirien.com\/index.php\/contact\/","og_locale":"fr_FR","og_type":"article","og_title":"Contact - Immobilier Ivoirien","og_description":"Contact : ARTICLES R\u00c9CENTSPOURQUOI INVESTIR DANS L\u2019IMMOBILIER EN COTE D\u2019IVOIRE ?QUE REPR\u00c9SENTE LA ZONE D\u2019AM\u00c9NAGEMENT DIFF\u00c9R\u00c9....","og_url":"https:\/\/immobilierivoirien.com\/index.php\/contact\/","og_site_name":"Immobilier Ivoirien","article_modified_time":"2024-03-27T15:21:38+00:00","og_image":[{"width":1024,"height":683,"url":"https:\/\/immobilierivoirien.com\/wp-content\/uploads\/2022\/01\/conpul.jpg","type":"image\/jpeg"}],"twitter_card":"summary_large_image","twitter_misc":{"Dur\u00e9e de lecture estim\u00e9e":"1 minute"},"schema":{"@context":"https:\/\/schema.org","@graph":[{"@type":"WebPage","@id":"https:\/\/immobilierivoirien.com\/index.php\/contact\/","url":"https:\/\/immobilierivoirien.com\/index.php\/contact\/","name":"Contact - Immobilier Ivoirien","isPartOf":{"@id":"https:\/\/immobilierivoirien.com\/#website"},"primaryImageOfPage":{"@id":"https:\/\/immobilierivoirien.com\/index.php\/contact\/#primaryimage"},"image":{"@id":"https:\/\/immobilierivoirien.com\/index.php\/contact\/#primaryimage"},"thumbnailUrl":"https:\/\/immobilierivoirien.com\/wp-content\/uploads\/2022\/01\/conpul.jpg","datePublished":"2019-04-17T06:19:02+00:00","dateModified":"2024-03-27T15:21:38+00:00","description":"Contact : ARTICLES R\u00c9CENTSPOURQUOI INVESTIR DANS L\u2019IMMOBILIER EN COTE D\u2019IVOIRE ?QUE REPR\u00c9SENTE LA ZONE D\u2019AM\u00c9NAGEMENT DIFF\u00c9R\u00c9....","breadcrumb":{"@id":"https:\/\/immobilierivoirien.com\/index.php\/contact\/#breadcrumb"},"inLanguage":"fr-FR","potentialAction":[{"@type":"ReadAction","target":["https:\/\/immobilierivoirien.com\/index.php\/contact\/"]}]},{"@type":"ImageObject","inLanguage":"fr-FR","@id":"https:\/\/immobilierivoirien.com\/index.php\/contact\/#primaryimage","url":"https:\/\/immobilierivoirien.com\/wp-content\/uploads\/2022\/01\/conpul.jpg","contentUrl":"https:\/\/immobilierivoirien.com\/wp-content\/uploads\/2022\/01\/conpul.jpg","width":1024,"height":683,"caption":"Le compulsoire CI contact"},{"@type":"BreadcrumbList","@id":"https:\/\/immobilierivoirien.com\/index.php\/contact\/#breadcrumb","itemListElement":[{"@type":"ListItem","position":1,"name":"Accueil","item":"https:\/\/immobilierivoirien.com\/"},{"@type":"ListItem","position":2,"name":"Contact"}]},{"@type":"WebSite","@id":"https:\/\/immobilierivoirien.com\/#website","url":"https:\/\/immobilierivoirien.com\/","name":"Immobilier Ivoirien","description":"Tout sur l&#039;immobilier en C\u00f4te d&#039;Ivoire","publisher":{"@id":"https:\/\/immobilierivoirien.com\/#organization"},"potentialAction":[{"@type":"SearchAction","target":{"@type":"EntryPoint","urlTemplate":"https:\/\/immobilierivoirien.com\/?s={search_term_string}"},"query-input":{"@type":"PropertyValueSpecification","valueRequired":true,"valueName":"search_term_string"}}],"inLanguage":"fr-FR"},{"@type":"Organization","@id":"https:\/\/immobilierivoirien.com\/#organization","name":"Immobilier Ivoirien","url":"https:\/\/immobilierivoirien.com\/","logo":{"@type":"ImageObject","inLanguage":"fr-FR","@id":"https:\/\/immobilierivoirien.com\/#\/schema\/logo\/image\/","url":"https:\/\/immobilierivoirien.com\/wp-content\/uploads\/2023\/07\/cropped-cropped-ARR1.png","contentUrl":"https:\/\/immobilierivoirien.com\/wp-content\/uploads\/2023\/07\/cropped-cropped-ARR1.png","width":512,"height":512,"caption":"Immobilier Ivoirien"},"image":{"@id":"https:\/\/immobilierivoirien.com\/#\/schema\/logo\/image\/"}}]}},"jetpack_sharing_enabled":true,"_links":{"self":[{"href":"https:\/\/immobilierivoirien.com\/index.php\/wp-json\/wp\/v2\/pages\/129","targetHints":{"allow":["GET"]}}],"collection":[{"href":"https:\/\/immobilierivoirien.com\/index.php\/wp-json\/wp\/v2\/pages"}],"about":[{"href":"https:\/\/immobilierivoirien.com\/index.php\/wp-json\/wp\/v2\/types\/page"}],"author":[{"embeddable":true,"href":"https:\/\/immobilierivoirien.com\/index.php\/wp-json\/wp\/v2\/users\/1"}],"replies":[{"embeddable":true,"href":"https:\/\/immobilierivoirien.com\/index.php\/wp-json\/wp\/v2\/comments?post=129"}],"version-history":[{"count":2,"href":"https:\/\/immobilierivoirien.com\/index.php\/wp-json\/wp\/v2\/pages\/129\/revisions"}],"predecessor-version":[{"id":1528,"href":"https:\/\/immobilierivoirien.com\/index.php\/wp-json\/wp\/v2\/pages\/129\/revisions\/1528"}],"wp:featuredmedia":[{"embeddable":true,"href":"https:\/\/immobilierivoirien.com\/index.php\/wp-json\/wp\/v2\/media\/1323"}],"wp:attachment":[{"href":"https:\/\/immobilierivoirien.com\/index.php\/wp-json\/wp\/v2\/media?parent=129"}],"curies":[{"name":"wp","href":"https:\/\/api.w.org\/{rel}","templated":true}]}}