{"id":37,"date":"2018-07-18T11:55:09","date_gmt":"2018-07-18T11:55:09","guid":{"rendered":"https:\/\/demo.afthemes.com\/covernews-pro\/?page_id=37"},"modified":"2024-06-24T12:40:00","modified_gmt":"2024-06-24T12:40:00","slug":"home","status":"publish","type":"page","link":"https:\/\/immobilierivoirien.com\/","title":{"rendered":"Home"},"content":{"rendered":"\n<p class=\"has-medium-font-size\">POURQUOI INVESTIR DANS L\u2019<a href=\"http:\/\/afrikimmo.ci\">IMMOBILIER<\/a> EN COTE D\u2019IVOIRE ?QUE REPR\u00c9SENTE LA ZONE D<a href=\"https:\/\/immobilierivoirien.com\/index.php\/2024\/02\/11\/pourquoi-investir-dans-limmobilier-en-cote-divoire\/\">\u2019AM\u00c9NAGEMENT<\/a> DIFF\u00c9R\u00c9 ? Home l&rsquo;immobilier en c\u00f4te d&rsquo;ivoire.<\/p>\n","protected":false},"excerpt":{"rendered":"<p>POURQUOI INVESTIR DANS L\u2019IMMOBILIER EN COTE D\u2019IVOIRE ?QUE REPR\u00c9SENTE LA ZONE D\u2019AM\u00c9NAGEMENT DIFF\u00c9R\u00c9 ? Home<\/p>\n","protected":false},"author":1,"featured_media":1310,"parent":0,"menu_order":0,"comment_status":"closed","ping_status":"closed","template":"tmpl-front-page.php","meta":{"footnotes":""},"class_list":["post-37","page","type-page","status-publish","has-post-thumbnail","hentry"],"yoast_head":"<!-- This site is optimized with the Yoast SEO plugin v27.1.1 - https:\/\/yoast.com\/product\/yoast-seo-wordpress\/ -->\n<title>Home l&#039;immobilier en c\u00f4te d&#039;ivoire - Immobilier Ivoirien<\/title>\n<meta name=\"description\" content=\"Home : POURQUOI INVESTIR DANS L\u2019IMMOBILIER EN COTE D\u2019IVOIRE ?QUE REPR\u00c9SENTE LA ZONE D\u2019AM\u00c9NAGEMENT DIFF\u00c9R\u00c9 ?OBLIGATIONS ET AVANTAGES DE LA...\" \/>\n<meta name=\"robots\" content=\"index, follow, max-snippet:-1, max-image-preview:large, max-video-preview:-1\" \/>\n<link rel=\"canonical\" href=\"https:\/\/immobilierivoirien.com\/\" \/>\n<meta property=\"og:locale\" content=\"fr_FR\" \/>\n<meta property=\"og:type\" content=\"article\" \/>\n<meta property=\"og:title\" content=\"Home l&#039;immobilier en c\u00f4te d&#039;ivoire - Immobilier Ivoirien\" \/>\n<meta property=\"og:description\" content=\"Home : POURQUOI INVESTIR DANS L\u2019IMMOBILIER EN COTE D\u2019IVOIRE ?QUE REPR\u00c9SENTE LA ZONE D\u2019AM\u00c9NAGEMENT DIFF\u00c9R\u00c9 ?OBLIGATIONS ET AVANTAGES DE LA...\" \/>\n<meta property=\"og:url\" content=\"https:\/\/immobilierivoirien.com\/\" \/>\n<meta property=\"og:site_name\" content=\"Immobilier Ivoirien\" \/>\n<meta property=\"article:modified_time\" content=\"2024-06-24T12:40:00+00:00\" \/>\n<meta property=\"og:image\" content=\"https:\/\/immobilierivoirien.com\/wp-content\/uploads\/2023\/07\/cropped-cropped-ARR1.png\" \/>\n\t<meta property=\"og:image:width\" content=\"512\" \/>\n\t<meta property=\"og:image:height\" content=\"512\" \/>\n\t<meta property=\"og:image:type\" content=\"image\/png\" \/>\n<meta name=\"twitter:card\" content=\"summary_large_image\" \/>\n<meta name=\"twitter:label1\" content=\"Dur\u00e9e de lecture estim\u00e9e\" \/>\n\t<meta name=\"twitter:data1\" content=\"1 minute\" \/>\n<script type=\"application\/ld+json\" class=\"yoast-schema-graph\">{\"@context\":\"https:\/\/schema.org\",\"@graph\":[{\"@type\":\"WebPage\",\"@id\":\"https:\/\/immobilierivoirien.com\/\",\"url\":\"https:\/\/immobilierivoirien.com\/\",\"name\":\"Home l'immobilier en c\u00f4te d'ivoire - Immobilier Ivoirien\",\"isPartOf\":{\"@id\":\"https:\/\/immobilierivoirien.com\/#website\"},\"primaryImageOfPage\":{\"@id\":\"https:\/\/immobilierivoirien.com\/#primaryimage\"},\"image\":{\"@id\":\"https:\/\/immobilierivoirien.com\/#primaryimage\"},\"thumbnailUrl\":\"https:\/\/immobilierivoirien.com\/wp-content\/uploads\/2023\/07\/cropped-cropped-ARR1.png\",\"datePublished\":\"2018-07-18T11:55:09+00:00\",\"dateModified\":\"2024-06-24T12:40:00+00:00\",\"description\":\"Home : POURQUOI INVESTIR DANS L\u2019IMMOBILIER EN COTE D\u2019IVOIRE ?QUE REPR\u00c9SENTE LA ZONE D\u2019AM\u00c9NAGEMENT DIFF\u00c9R\u00c9 ?OBLIGATIONS ET AVANTAGES DE LA...\",\"breadcrumb\":{\"@id\":\"https:\/\/immobilierivoirien.com\/#breadcrumb\"},\"inLanguage\":\"fr-FR\",\"potentialAction\":[{\"@type\":\"ReadAction\",\"target\":[\"https:\/\/immobilierivoirien.com\/\"]}]},{\"@type\":\"ImageObject\",\"inLanguage\":\"fr-FR\",\"@id\":\"https:\/\/immobilierivoirien.com\/#primaryimage\",\"url\":\"https:\/\/immobilierivoirien.com\/wp-content\/uploads\/2023\/07\/cropped-cropped-ARR1.png\",\"contentUrl\":\"https:\/\/immobilierivoirien.com\/wp-content\/uploads\/2023\/07\/cropped-cropped-ARR1.png\",\"width\":512,\"height\":512,\"caption\":\"Home l'immobilier en c\u00f4te d'ivoire\"},{\"@type\":\"BreadcrumbList\",\"@id\":\"https:\/\/immobilierivoirien.com\/#breadcrumb\",\"itemListElement\":[{\"@type\":\"ListItem\",\"position\":1,\"name\":\"Accueil\",\"item\":\"https:\/\/immobilierivoirien.com\/\"},{\"@type\":\"ListItem\",\"position\":2,\"name\":\"Home\"}]},{\"@type\":\"WebSite\",\"@id\":\"https:\/\/immobilierivoirien.com\/#website\",\"url\":\"https:\/\/immobilierivoirien.com\/\",\"name\":\"Immobilier Ivoirien\",\"description\":\"Tout sur l&#039;immobilier en C\u00f4te d&#039;Ivoire\",\"publisher\":{\"@id\":\"https:\/\/immobilierivoirien.com\/#organization\"},\"potentialAction\":[{\"@type\":\"SearchAction\",\"target\":{\"@type\":\"EntryPoint\",\"urlTemplate\":\"https:\/\/immobilierivoirien.com\/?s={search_term_string}\"},\"query-input\":{\"@type\":\"PropertyValueSpecification\",\"valueRequired\":true,\"valueName\":\"search_term_string\"}}],\"inLanguage\":\"fr-FR\"},{\"@type\":\"Organization\",\"@id\":\"https:\/\/immobilierivoirien.com\/#organization\",\"name\":\"Immobilier Ivoirien\",\"url\":\"https:\/\/immobilierivoirien.com\/\",\"logo\":{\"@type\":\"ImageObject\",\"inLanguage\":\"fr-FR\",\"@id\":\"https:\/\/immobilierivoirien.com\/#\/schema\/logo\/image\/\",\"url\":\"https:\/\/immobilierivoirien.com\/wp-content\/uploads\/2023\/07\/cropped-cropped-ARR1.png\",\"contentUrl\":\"https:\/\/immobilierivoirien.com\/wp-content\/uploads\/2023\/07\/cropped-cropped-ARR1.png\",\"width\":512,\"height\":512,\"caption\":\"Immobilier Ivoirien\"},\"image\":{\"@id\":\"https:\/\/immobilierivoirien.com\/#\/schema\/logo\/image\/\"}}]}<\/script>\n<!-- \/ Yoast SEO plugin. -->","yoast_head_json":{"title":"Home l'immobilier en c\u00f4te d'ivoire - Immobilier Ivoirien","description":"Home : POURQUOI INVESTIR DANS L\u2019IMMOBILIER EN COTE D\u2019IVOIRE ?QUE REPR\u00c9SENTE LA ZONE D\u2019AM\u00c9NAGEMENT DIFF\u00c9R\u00c9 ?OBLIGATIONS ET AVANTAGES DE LA...","robots":{"index":"index","follow":"follow","max-snippet":"max-snippet:-1","max-image-preview":"max-image-preview:large","max-video-preview":"max-video-preview:-1"},"canonical":"https:\/\/immobilierivoirien.com\/","og_locale":"fr_FR","og_type":"article","og_title":"Home l'immobilier en c\u00f4te d'ivoire - Immobilier Ivoirien","og_description":"Home : POURQUOI INVESTIR DANS L\u2019IMMOBILIER EN COTE D\u2019IVOIRE ?QUE REPR\u00c9SENTE LA ZONE D\u2019AM\u00c9NAGEMENT DIFF\u00c9R\u00c9 ?OBLIGATIONS ET AVANTAGES DE LA...","og_url":"https:\/\/immobilierivoirien.com\/","og_site_name":"Immobilier Ivoirien","article_modified_time":"2024-06-24T12:40:00+00:00","og_image":[{"width":512,"height":512,"url":"https:\/\/immobilierivoirien.com\/wp-content\/uploads\/2023\/07\/cropped-cropped-ARR1.png","type":"image\/png"}],"twitter_card":"summary_large_image","twitter_misc":{"Dur\u00e9e de lecture estim\u00e9e":"1 minute"},"schema":{"@context":"https:\/\/schema.org","@graph":[{"@type":"WebPage","@id":"https:\/\/immobilierivoirien.com\/","url":"https:\/\/immobilierivoirien.com\/","name":"Home l'immobilier en c\u00f4te d'ivoire - Immobilier Ivoirien","isPartOf":{"@id":"https:\/\/immobilierivoirien.com\/#website"},"primaryImageOfPage":{"@id":"https:\/\/immobilierivoirien.com\/#primaryimage"},"image":{"@id":"https:\/\/immobilierivoirien.com\/#primaryimage"},"thumbnailUrl":"https:\/\/immobilierivoirien.com\/wp-content\/uploads\/2023\/07\/cropped-cropped-ARR1.png","datePublished":"2018-07-18T11:55:09+00:00","dateModified":"2024-06-24T12:40:00+00:00","description":"Home : POURQUOI INVESTIR DANS L\u2019IMMOBILIER EN COTE D\u2019IVOIRE ?QUE REPR\u00c9SENTE LA ZONE D\u2019AM\u00c9NAGEMENT DIFF\u00c9R\u00c9 ?OBLIGATIONS ET AVANTAGES DE LA...","breadcrumb":{"@id":"https:\/\/immobilierivoirien.com\/#breadcrumb"},"inLanguage":"fr-FR","potentialAction":[{"@type":"ReadAction","target":["https:\/\/immobilierivoirien.com\/"]}]},{"@type":"ImageObject","inLanguage":"fr-FR","@id":"https:\/\/immobilierivoirien.com\/#primaryimage","url":"https:\/\/immobilierivoirien.com\/wp-content\/uploads\/2023\/07\/cropped-cropped-ARR1.png","contentUrl":"https:\/\/immobilierivoirien.com\/wp-content\/uploads\/2023\/07\/cropped-cropped-ARR1.png","width":512,"height":512,"caption":"Home l'immobilier en c\u00f4te d'ivoire"},{"@type":"BreadcrumbList","@id":"https:\/\/immobilierivoirien.com\/#breadcrumb","itemListElement":[{"@type":"ListItem","position":1,"name":"Accueil","item":"https:\/\/immobilierivoirien.com\/"},{"@type":"ListItem","position":2,"name":"Home"}]},{"@type":"WebSite","@id":"https:\/\/immobilierivoirien.com\/#website","url":"https:\/\/immobilierivoirien.com\/","name":"Immobilier Ivoirien","description":"Tout sur l&#039;immobilier en C\u00f4te d&#039;Ivoire","publisher":{"@id":"https:\/\/immobilierivoirien.com\/#organization"},"potentialAction":[{"@type":"SearchAction","target":{"@type":"EntryPoint","urlTemplate":"https:\/\/immobilierivoirien.com\/?s={search_term_string}"},"query-input":{"@type":"PropertyValueSpecification","valueRequired":true,"valueName":"search_term_string"}}],"inLanguage":"fr-FR"},{"@type":"Organization","@id":"https:\/\/immobilierivoirien.com\/#organization","name":"Immobilier Ivoirien","url":"https:\/\/immobilierivoirien.com\/","logo":{"@type":"ImageObject","inLanguage":"fr-FR","@id":"https:\/\/immobilierivoirien.com\/#\/schema\/logo\/image\/","url":"https:\/\/immobilierivoirien.com\/wp-content\/uploads\/2023\/07\/cropped-cropped-ARR1.png","contentUrl":"https:\/\/immobilierivoirien.com\/wp-content\/uploads\/2023\/07\/cropped-cropped-ARR1.png","width":512,"height":512,"caption":"Immobilier Ivoirien"},"image":{"@id":"https:\/\/immobilierivoirien.com\/#\/schema\/logo\/image\/"}}]}},"jetpack_sharing_enabled":true,"_links":{"self":[{"href":"https:\/\/immobilierivoirien.com\/index.php\/wp-json\/wp\/v2\/pages\/37","targetHints":{"allow":["GET"]}}],"collection":[{"href":"https:\/\/immobilierivoirien.com\/index.php\/wp-json\/wp\/v2\/pages"}],"about":[{"href":"https:\/\/immobilierivoirien.com\/index.php\/wp-json\/wp\/v2\/types\/page"}],"author":[{"embeddable":true,"href":"https:\/\/immobilierivoirien.com\/index.php\/wp-json\/wp\/v2\/users\/1"}],"replies":[{"embeddable":true,"href":"https:\/\/immobilierivoirien.com\/index.php\/wp-json\/wp\/v2\/comments?post=37"}],"version-history":[{"count":2,"href":"https:\/\/immobilierivoirien.com\/index.php\/wp-json\/wp\/v2\/pages\/37\/revisions"}],"predecessor-version":[{"id":1704,"href":"https:\/\/immobilierivoirien.com\/index.php\/wp-json\/wp\/v2\/pages\/37\/revisions\/1704"}],"wp:featuredmedia":[{"embeddable":true,"href":"https:\/\/immobilierivoirien.com\/index.php\/wp-json\/wp\/v2\/media\/1310"}],"wp:attachment":[{"href":"https:\/\/immobilierivoirien.com\/index.php\/wp-json\/wp\/v2\/media?parent=37"}],"curies":[{"name":"wp","href":"https:\/\/api.w.org\/{rel}","templated":true}]}}